{"id":8960,"date":"2025-11-16T23:13:37","date_gmt":"2025-11-16T23:13:37","guid":{"rendered":"https:\/\/preventiasrl.com\/web\/?page_id=8960"},"modified":"2026-04-20T17:59:04","modified_gmt":"2026-04-20T17:59:04","slug":"kinesiologia-laboral","status":"publish","type":"page","link":"https:\/\/preventiasrl.com\/web\/servicios\/kinesiologia-laboral\/","title":{"rendered":"Kinesiolog\u00eda Laboral"},"content":{"rendered":"\t\t<div data-elementor-type=\"wp-page\" data-elementor-id=\"8960\" class=\"elementor elementor-8960\" data-elementor-post-type=\"page\">\n\t\t\t\t\t\t<section class=\"elementor-section elementor-top-section elementor-element elementor-element-6e6b230 elementor-section-content-middle elementor-section-boxed elementor-section-height-default elementor-section-height-default\" data-id=\"6e6b230\" data-element_type=\"section\" data-e-type=\"section\">\n\t\t\t\t\t\t<div class=\"elementor-container elementor-column-gap-wider\">\n\t\t\t\t\t<div class=\"elementor-column elementor-col-50 elementor-top-column elementor-element elementor-element-acff10d elementor-invisible\" data-id=\"acff10d\" data-element_type=\"column\" data-e-type=\"column\" data-settings=\"{&quot;animation&quot;:&quot;fadeInLeft&quot;}\">\n\t\t\t<div class=\"elementor-widget-wrap elementor-element-populated\">\n\t\t\t\t\t\t<div class=\"elementor-element elementor-element-be9df9c elementor-widget elementor-widget-heading\" data-id=\"be9df9c\" data-element_type=\"widget\" data-e-type=\"widget\" data-widget_type=\"heading.default\">\n\t\t\t\t<div class=\"elementor-widget-container\">\n\t\t\t\t\t<h2 class=\"elementor-heading-title elementor-size-default\">Kinesiolog\u00eda Laboral<\/h2>\t\t\t\t<\/div>\n\t\t\t\t<\/div>\n\t\t\t\t<div class=\"elementor-element elementor-element-2ccdc1a elementor-widget elementor-widget-heading\" data-id=\"2ccdc1a\" data-element_type=\"widget\" data-e-type=\"widget\" data-widget_type=\"heading.default\">\n\t\t\t\t<div class=\"elementor-widget-container\">\n\t\t\t\t\t<h2 class=\"elementor-heading-title elementor-size-default\">Rehabilitaci\u00f3n personalizada Bienestar sostenible<\/h2>\t\t\t\t<\/div>\n\t\t\t\t<\/div>\n\t\t\t\t<div class=\"elementor-element elementor-element-f758f43 elementor-widget elementor-widget-text-editor\" data-id=\"f758f43\" data-element_type=\"widget\" data-e-type=\"widget\" data-widget_type=\"text-editor.default\">\n\t\t\t\t<div class=\"elementor-widget-container\">\n\t\t\t\t\t\t\t\t\t<p>Programas de recuperaci\u00f3n funcional dise\u00f1ados para trabajadores con patolog\u00edas musculo esquel\u00e9ticas. <br \/>Promovemos la reinserci\u00f3n laboral temprana y la prevenci\u00f3n de futuras enfermedades profesionales. <br \/>Brindamos asesoramiento en \u201cpausas activas\u201d para tu empresa.<br \/><span data-olk-copy-source=\"MessageBody\"><br \/><em><strong>Servicio de Kinesiolog\u00eda Laboral en nuestra sede de Rioja 1267 de lunes a viernes en el horario de 08 a 16 hs<\/strong><\/em><\/span><\/p>\t\t\t\t\t\t\t\t<\/div>\n\t\t\t\t<\/div>\n\t\t\t\t<div class=\"elementor-element elementor-element-f01c024 elementor-mobile-align-center elementor-widget elementor-widget-button\" data-id=\"f01c024\" data-element_type=\"widget\" data-e-type=\"widget\" data-widget_type=\"button.default\">\n\t\t\t\t<div class=\"elementor-widget-container\">\n\t\t\t\t\t\t\t\t\t<div class=\"elementor-button-wrapper\">\n\t\t\t\t\t<a class=\"elementor-button elementor-button-link elementor-size-sm\" href=\"https:\/\/preventiasrl.com\/web\/solicitar-kinesiologia\">\n\t\t\t\t\t\t<span class=\"elementor-button-content-wrapper\">\n\t\t\t\t\t\t\t\t\t<span class=\"elementor-button-text\">Solicitar servicio Kinesiolog\u00eda<\/span>\n\t\t\t\t\t<\/span>\n\t\t\t\t\t<\/a>\n\t\t\t\t<\/div>\n\t\t\t\t\t\t\t\t<\/div>\n\t\t\t\t<\/div>\n\t\t\t\t\t<\/div>\n\t\t<\/div>\n\t\t\t\t<div class=\"elementor-column elementor-col-50 elementor-top-column elementor-element elementor-element-11e1182 animated-slow elementor-invisible\" data-id=\"11e1182\" data-element_type=\"column\" data-e-type=\"column\" data-settings=\"{&quot;animation&quot;:&quot;fadeInRight&quot;,&quot;animation_delay&quot;:200}\">\n\t\t\t<div class=\"elementor-widget-wrap elementor-element-populated\">\n\t\t\t\t\t\t<div class=\"elementor-element elementor-element-1d41214 elementor-widget elementor-widget-image\" data-id=\"1d41214\" data-element_type=\"widget\" data-e-type=\"widget\" data-widget_type=\"image.default\">\n\t\t\t\t<div class=\"elementor-widget-container\">\n\t\t\t\t\t\t\t\t\t\t\t\t\t\t\t<img fetchpriority=\"high\" decoding=\"async\" width=\"1024\" height=\"797\" src=\"https:\/\/preventiasrl.com\/web\/wp-content\/uploads\/2025\/11\/kinesiologia_laboral-1024x797.png\" class=\"attachment-large size-large wp-image-8962\" alt=\"\" srcset=\"https:\/\/preventiasrl.com\/web\/wp-content\/uploads\/2025\/11\/kinesiologia_laboral-1024x797.png 1024w, https:\/\/preventiasrl.com\/web\/wp-content\/uploads\/2025\/11\/kinesiologia_laboral-300x233.png 300w, https:\/\/preventiasrl.com\/web\/wp-content\/uploads\/2025\/11\/kinesiologia_laboral-768x598.png 768w, https:\/\/preventiasrl.com\/web\/wp-content\/uploads\/2025\/11\/kinesiologia_laboral.png 1069w\" sizes=\"(max-width: 1024px) 100vw, 1024px\" \/>\t\t\t\t\t\t\t\t\t\t\t\t\t\t\t<\/div>\n\t\t\t\t<\/div>\n\t\t\t\t\t<\/div>\n\t\t<\/div>\n\t\t\t\t\t<\/div>\n\t\t<\/section>\n\t\t\t\t<section class=\"elementor-section elementor-top-section elementor-element elementor-element-4705ca4 elementor-section-content-middle elementor-section-boxed elementor-section-height-default elementor-section-height-default\" data-id=\"4705ca4\" data-element_type=\"section\" data-e-type=\"section\">\n\t\t\t\t\t\t<div class=\"elementor-container elementor-column-gap-wider\">\n\t\t\t\t\t<div class=\"elementor-column elementor-col-50 elementor-top-column elementor-element elementor-element-4594066 animated-slow elementor-invisible\" data-id=\"4594066\" data-element_type=\"column\" data-e-type=\"column\" data-settings=\"{&quot;animation&quot;:&quot;fadeInLeft&quot;}\">\n\t\t\t<div class=\"elementor-widget-wrap elementor-element-populated\">\n\t\t\t\t\t\t<div class=\"elementor-element elementor-element-0b54881 elementor-widget elementor-widget-image\" data-id=\"0b54881\" data-element_type=\"widget\" data-e-type=\"widget\" data-widget_type=\"image.default\">\n\t\t\t\t<div class=\"elementor-widget-container\">\n\t\t\t\t\t\t\t\t\t\t\t\t\t\t\t<img decoding=\"async\" width=\"1024\" height=\"920\" src=\"https:\/\/preventiasrl.com\/web\/wp-content\/uploads\/2023\/06\/medico-laboral1-1024x920.jpg\" class=\"attachment-large size-large wp-image-4155\" alt=\"\" srcset=\"https:\/\/preventiasrl.com\/web\/wp-content\/uploads\/2023\/06\/medico-laboral1-1024x920.jpg 1024w, https:\/\/preventiasrl.com\/web\/wp-content\/uploads\/2023\/06\/medico-laboral1-300x270.jpg 300w, https:\/\/preventiasrl.com\/web\/wp-content\/uploads\/2023\/06\/medico-laboral1-768x690.jpg 768w, https:\/\/preventiasrl.com\/web\/wp-content\/uploads\/2023\/06\/medico-laboral1.jpg 1083w\" sizes=\"(max-width: 1024px) 100vw, 1024px\" \/>\t\t\t\t\t\t\t\t\t\t\t\t\t\t\t<\/div>\n\t\t\t\t<\/div>\n\t\t\t\t\t<\/div>\n\t\t<\/div>\n\t\t\t\t<div class=\"elementor-column elementor-col-50 elementor-top-column elementor-element elementor-element-0067d12 elementor-invisible\" data-id=\"0067d12\" data-element_type=\"column\" data-e-type=\"column\" data-settings=\"{&quot;animation&quot;:&quot;fadeInRight&quot;}\">\n\t\t\t<div class=\"elementor-widget-wrap elementor-element-populated\">\n\t\t\t\t\t\t<div class=\"elementor-element elementor-element-d755148 elementor-widget elementor-widget-text-editor\" data-id=\"d755148\" data-element_type=\"widget\" data-e-type=\"widget\" data-settings=\"{&quot;_animation&quot;:&quot;none&quot;}\" data-widget_type=\"text-editor.default\">\n\t\t\t\t<div class=\"elementor-widget-container\">\n\t\t\t\t\t\t\t\t\t<p>Contamos con un equipo de profesionales j\u00f3venes, din\u00e1micos y con <strong>experiencia en salud ocupacional<\/strong>.<\/p>\t\t\t\t\t\t\t\t<\/div>\n\t\t\t\t<\/div>\n\t\t\t\t\t<\/div>\n\t\t<\/div>\n\t\t\t\t\t<\/div>\n\t\t<\/section>\n\t\t\t\t<\/div>\n\t\t","protected":false},"excerpt":{"rendered":"<p>Kinesiolog\u00eda Laboral Rehabilitaci\u00f3n personalizada Bienestar sostenible Programas de recuperaci\u00f3n funcional dise\u00f1ados para trabajadores con patolog\u00edas musculo esquel\u00e9ticas. Promovemos la reinserci\u00f3n laboral temprana y la prevenci\u00f3n de futuras enfermedades profesionales. Brindamos asesoramiento en \u201cpausas activas\u201d para tu empresa. Servicio de Kinesiolog\u00eda Laboral en nuestra sede de Rioja 1267 de lunes a viernes en el horario de [&hellip;]<\/p>\n","protected":false},"author":96739694,"featured_media":0,"parent":2875,"menu_order":0,"comment_status":"closed","ping_status":"closed","template":"","meta":{"inline_featured_image":false,"site-sidebar-layout":"default","site-content-layout":"","ast-site-content-layout":"default","site-content-style":"default","site-sidebar-style":"default","ast-global-header-display":"","ast-banner-title-visibility":"","ast-main-header-display":"","ast-hfb-above-header-display":"","ast-hfb-below-header-display":"","ast-hfb-mobile-header-display":"","site-post-title":"","ast-breadcrumbs-content":"","ast-featured-img":"","footer-sml-layout":"","ast-disable-related-posts":"","theme-transparent-header-meta":"","adv-header-id-meta":"","stick-header-meta":"","header-above-stick-meta":"","header-main-stick-meta":"","header-below-stick-meta":"","astra-migrate-meta-layouts":"default","ast-page-background-enabled":"default","ast-page-background-meta":{"desktop":{"background-color":"var(--ast-global-color-4)","background-image":"","background-repeat":"repeat","background-position":"center center","background-size":"auto","background-attachment":"scroll","background-type":"","background-media":"","overlay-type":"","overlay-color":"","overlay-opacity":"","overlay-gradient":""},"tablet":{"background-color":"","background-image":"","background-repeat":"repeat","background-position":"center center","background-size":"auto","background-attachment":"scroll","background-type":"","background-media":"","overlay-type":"","overlay-color":"","overlay-opacity":"","overlay-gradient":""},"mobile":{"background-color":"","background-image":"","background-repeat":"repeat","background-position":"center center","background-size":"auto","background-attachment":"scroll","background-type":"","background-media":"","overlay-type":"","overlay-color":"","overlay-opacity":"","overlay-gradient":""}},"ast-content-background-meta":{"desktop":{"background-color":"var(--ast-global-color-5)","background-image":"","background-repeat":"repeat","background-position":"center center","background-size":"auto","background-attachment":"scroll","background-type":"","background-media":"","overlay-type":"","overlay-color":"","overlay-opacity":"","overlay-gradient":""},"tablet":{"background-color":"var(--ast-global-color-5)","background-image":"","background-repeat":"repeat","background-position":"center center","background-size":"auto","background-attachment":"scroll","background-type":"","background-media":"","overlay-type":"","overlay-color":"","overlay-opacity":"","overlay-gradient":""},"mobile":{"background-color":"var(--ast-global-color-5)","background-image":"","background-repeat":"repeat","background-position":"center center","background-size":"auto","background-attachment":"scroll","background-type":"","background-media":"","overlay-type":"","overlay-color":"","overlay-opacity":"","overlay-gradient":""}},"footnotes":""},"class_list":["post-8960","page","type-page","status-publish","hentry"],"_links":{"self":[{"href":"https:\/\/preventiasrl.com\/web\/wp-json\/wp\/v2\/pages\/8960","targetHints":{"allow":["GET"]}}],"collection":[{"href":"https:\/\/preventiasrl.com\/web\/wp-json\/wp\/v2\/pages"}],"about":[{"href":"https:\/\/preventiasrl.com\/web\/wp-json\/wp\/v2\/types\/page"}],"author":[{"embeddable":true,"href":"https:\/\/preventiasrl.com\/web\/wp-json\/wp\/v2\/users\/96739694"}],"replies":[{"embeddable":true,"href":"https:\/\/preventiasrl.com\/web\/wp-json\/wp\/v2\/comments?post=8960"}],"version-history":[{"count":16,"href":"https:\/\/preventiasrl.com\/web\/wp-json\/wp\/v2\/pages\/8960\/revisions"}],"predecessor-version":[{"id":9184,"href":"https:\/\/preventiasrl.com\/web\/wp-json\/wp\/v2\/pages\/8960\/revisions\/9184"}],"up":[{"embeddable":true,"href":"https:\/\/preventiasrl.com\/web\/wp-json\/wp\/v2\/pages\/2875"}],"wp:attachment":[{"href":"https:\/\/preventiasrl.com\/web\/wp-json\/wp\/v2\/media?parent=8960"}],"curies":[{"name":"wp","href":"https:\/\/api.w.org\/{rel}","templated":true}]}}