{"id":8943,"date":"2025-11-16T22:30:13","date_gmt":"2025-11-16T22:30:13","guid":{"rendered":"https:\/\/preventiasrl.com\/web\/?page_id=8943"},"modified":"2026-05-10T06:36:16","modified_gmt":"2026-05-10T06:36:16","slug":"examenes-ingreso","status":"publish","type":"page","link":"https:\/\/preventiasrl.com\/web\/servicios\/examenes-ingreso\/","title":{"rendered":"Ex\u00e1menes de Ingreso"},"content":{"rendered":"\t\t<div data-elementor-type=\"wp-page\" data-elementor-id=\"8943\" class=\"elementor elementor-8943\" data-elementor-post-type=\"page\">\n\t\t\t\t\t\t<section class=\"elementor-section elementor-top-section elementor-element elementor-element-6e6b230 elementor-section-content-middle elementor-section-boxed elementor-section-height-default elementor-section-height-default\" data-id=\"6e6b230\" data-element_type=\"section\" data-e-type=\"section\">\n\t\t\t\t\t\t<div class=\"elementor-container elementor-column-gap-wider\">\n\t\t\t\t\t<div class=\"elementor-column elementor-col-50 elementor-top-column elementor-element elementor-element-acff10d elementor-invisible\" data-id=\"acff10d\" data-element_type=\"column\" data-e-type=\"column\" data-settings=\"{&quot;animation&quot;:&quot;fadeInLeft&quot;}\">\n\t\t\t<div class=\"elementor-widget-wrap elementor-element-populated\">\n\t\t\t\t\t\t<div class=\"elementor-element elementor-element-be9df9c elementor-widget elementor-widget-heading\" data-id=\"be9df9c\" data-element_type=\"widget\" data-e-type=\"widget\" data-widget_type=\"heading.default\">\n\t\t\t\t<div class=\"elementor-widget-container\">\n\t\t\t\t\t<h2 class=\"elementor-heading-title elementor-size-default\">Ex\u00e1menes de ingreso<\/h2>\t\t\t\t<\/div>\n\t\t\t\t<\/div>\n\t\t\t\t<div class=\"elementor-element elementor-element-2ccdc1a elementor-widget elementor-widget-heading\" data-id=\"2ccdc1a\" data-element_type=\"widget\" data-e-type=\"widget\" data-widget_type=\"heading.default\">\n\t\t\t\t<div class=\"elementor-widget-container\">\n\t\t\t\t\t<h2 class=\"elementor-heading-title elementor-size-default\">Evaluamos. Seleccionamos. Protegemos.<\/h2>\t\t\t\t<\/div>\n\t\t\t\t<\/div>\n\t\t\t\t<div class=\"elementor-element elementor-element-f758f43 elementor-widget elementor-widget-text-editor\" data-id=\"f758f43\" data-element_type=\"widget\" data-e-type=\"widget\" data-widget_type=\"text-editor.default\">\n\t\t\t\t<div class=\"elementor-widget-container\">\n\t\t\t\t\t\t\t\t\t<p>Realizamos una valoraci\u00f3n m\u00e9dica completa para determinar la aptitud psicof\u00edsica. <br \/>Garantizamos que cada incorporaci\u00f3n cumpla con los requisitos del puesto sin riesgos para su salud.<\/p><p><em><strong>El servicio de ex\u00e1menes de salud preocupacional se realiza en nuestra sede de calle Rioja 1267 Rosario de lunes a viernes en el horario de 08 a 16 hs.<\/strong><\/em><\/p>\t\t\t\t\t\t\t\t<\/div>\n\t\t\t\t<\/div>\n\t\t\t\t\t<\/div>\n\t\t<\/div>\n\t\t\t\t<div class=\"elementor-column elementor-col-50 elementor-top-column elementor-element elementor-element-11e1182 animated-slow elementor-invisible\" data-id=\"11e1182\" data-element_type=\"column\" data-e-type=\"column\" data-settings=\"{&quot;animation&quot;:&quot;fadeInRight&quot;,&quot;animation_delay&quot;:200}\">\n\t\t\t<div class=\"elementor-widget-wrap elementor-element-populated\">\n\t\t\t\t\t\t<div class=\"elementor-element elementor-element-1d41214 elementor-widget elementor-widget-image\" data-id=\"1d41214\" data-element_type=\"widget\" data-e-type=\"widget\" data-widget_type=\"image.default\">\n\t\t\t\t<div class=\"elementor-widget-container\">\n\t\t\t\t\t\t\t\t\t\t\t\t\t\t\t<img fetchpriority=\"high\" decoding=\"async\" width=\"888\" height=\"608\" src=\"https:\/\/preventiasrl.com\/web\/wp-content\/uploads\/2025\/11\/examenes_ingreso.png\" class=\"attachment-large size-large wp-image-8949\" alt=\"\" srcset=\"https:\/\/preventiasrl.com\/web\/wp-content\/uploads\/2025\/11\/examenes_ingreso.png 888w, https:\/\/preventiasrl.com\/web\/wp-content\/uploads\/2025\/11\/examenes_ingreso-300x205.png 300w, https:\/\/preventiasrl.com\/web\/wp-content\/uploads\/2025\/11\/examenes_ingreso-768x526.png 768w\" sizes=\"(max-width: 888px) 100vw, 888px\" \/>\t\t\t\t\t\t\t\t\t\t\t\t\t\t\t<\/div>\n\t\t\t\t<\/div>\n\t\t\t\t\t<\/div>\n\t\t<\/div>\n\t\t\t\t\t<\/div>\n\t\t<\/section>\n\t\t\t\t<section class=\"elementor-section elementor-top-section elementor-element elementor-element-e8c8c55 elementor-section-content-middle elementor-section-boxed elementor-section-height-default elementor-section-height-default\" data-id=\"e8c8c55\" data-element_type=\"section\" data-e-type=\"section\">\n\t\t\t\t\t\t<div class=\"elementor-container elementor-column-gap-wider\">\n\t\t\t\t\t<div class=\"elementor-column elementor-col-50 elementor-top-column elementor-element elementor-element-42a41cc elementor-invisible\" data-id=\"42a41cc\" data-element_type=\"column\" data-e-type=\"column\" data-settings=\"{&quot;animation&quot;:&quot;fadeInLeft&quot;}\">\n\t\t\t<div class=\"elementor-widget-wrap elementor-element-populated\">\n\t\t\t\t\t\t<div class=\"elementor-element elementor-element-5dce83f elementor-widget elementor-widget-heading\" data-id=\"5dce83f\" data-element_type=\"widget\" data-e-type=\"widget\" data-widget_type=\"heading.default\">\n\t\t\t\t<div class=\"elementor-widget-container\">\n\t\t\t\t\t<h2 class=\"elementor-heading-title elementor-size-default\">Nueva Solicitud asistida con IA<\/h2>\t\t\t\t<\/div>\n\t\t\t\t<\/div>\n\t\t\t\t<div class=\"elementor-element elementor-element-82a27cc elementor-widget elementor-widget-heading\" data-id=\"82a27cc\" data-element_type=\"widget\" data-e-type=\"widget\" data-widget_type=\"heading.default\">\n\t\t\t\t<div class=\"elementor-widget-container\">\n\t\t\t\t\t<h2 class=\"elementor-heading-title elementor-size-default\">La empresa puede optar entre la carga tradicional o la nueva modalidad asistida, dentro del mismo formulario.<\/h2>\t\t\t\t<\/div>\n\t\t\t\t<\/div>\n\t\t\t\t<div class=\"elementor-element elementor-element-7dd13f5 elementor-widget elementor-widget-text-editor\" data-id=\"7dd13f5\" data-element_type=\"widget\" data-e-type=\"widget\" data-widget_type=\"text-editor.default\">\n\t\t\t\t<div class=\"elementor-widget-container\">\n\t\t\t\t\t\t\t\t\t<p>Preventia incorpora una nueva modalidad de solicitud de ex\u00e1menes de ingreso con asistencia inteligente, dise\u00f1ada para <strong>optimizar el proceso y mejorar tu experiencia<\/strong>.<br \/>A partir de la industria y la tarea espec\u00edfica del puesto laboral, nuestro sistema ha desarrollado una orientaci\u00f3n autom\u00e1tica en la selecci\u00f3n de estudios sugeridos seg\u00fan la legislaci\u00f3n vigente y en base\u00a0 a los riesgos de exposici\u00f3n del puesto de trabajo lo cual facilita la carga y te gu\u00eda en la solicitud para distintos perfiles ocupacionales -como tractorista, soldador el\u00e9ctrico, operador telef\u00f3nico, vigilador o personal de salud-considerando, adem\u00e1s,\u00a0 las particularidades de diferentes sectores como agro, metal\u00fargica, call center, seguridad, salud y construcci\u00f3n.<\/p>\t\t\t\t\t\t\t\t<\/div>\n\t\t\t\t<\/div>\n\t\t\t\t<div class=\"elementor-element elementor-element-5068576 elementor-mobile-align-center elementor-widget elementor-widget-button\" data-id=\"5068576\" data-element_type=\"widget\" data-e-type=\"widget\" data-widget_type=\"button.default\">\n\t\t\t\t<div class=\"elementor-widget-container\">\n\t\t\t\t\t\t\t\t\t<div class=\"elementor-button-wrapper\">\n\t\t\t\t\t<a class=\"elementor-button elementor-button-link elementor-size-sm\" href=\"https:\/\/preventiasrl.com\/web\/solicitar-examenes\">\n\t\t\t\t\t\t<span class=\"elementor-button-content-wrapper\">\n\t\t\t\t\t\t\t\t\t<span class=\"elementor-button-text\">Solicitar Ex\u00e1menes de Ingreso asistido por IA<\/span>\n\t\t\t\t\t<\/span>\n\t\t\t\t\t<\/a>\n\t\t\t\t<\/div>\n\t\t\t\t\t\t\t\t<\/div>\n\t\t\t\t<\/div>\n\t\t\t\t\t<\/div>\n\t\t<\/div>\n\t\t\t\t<div class=\"elementor-column elementor-col-50 elementor-top-column elementor-element elementor-element-4925dd1 animated-slow elementor-invisible\" data-id=\"4925dd1\" data-element_type=\"column\" data-e-type=\"column\" data-settings=\"{&quot;animation&quot;:&quot;fadeInRight&quot;,&quot;animation_delay&quot;:200}\">\n\t\t\t<div class=\"elementor-widget-wrap elementor-element-populated\">\n\t\t\t\t\t\t<div class=\"elementor-element elementor-element-11eb1a3 elementor-widget elementor-widget-image\" data-id=\"11eb1a3\" data-element_type=\"widget\" data-e-type=\"widget\" data-widget_type=\"image.default\">\n\t\t\t\t<div class=\"elementor-widget-container\">\n\t\t\t\t\t\t\t\t\t\t\t\t\t\t\t<img decoding=\"async\" width=\"819\" height=\"1024\" src=\"https:\/\/preventiasrl.com\/web\/wp-content\/uploads\/2026\/05\/robotito_fondo_blanco-819x1024.png\" class=\"attachment-large size-large wp-image-9200\" alt=\"\" srcset=\"https:\/\/preventiasrl.com\/web\/wp-content\/uploads\/2026\/05\/robotito_fondo_blanco-819x1024.png 819w, https:\/\/preventiasrl.com\/web\/wp-content\/uploads\/2026\/05\/robotito_fondo_blanco-240x300.png 240w, https:\/\/preventiasrl.com\/web\/wp-content\/uploads\/2026\/05\/robotito_fondo_blanco-768x961.png 768w, https:\/\/preventiasrl.com\/web\/wp-content\/uploads\/2026\/05\/robotito_fondo_blanco.png 921w\" sizes=\"(max-width: 819px) 100vw, 819px\" \/>\t\t\t\t\t\t\t\t\t\t\t\t\t\t\t<\/div>\n\t\t\t\t<\/div>\n\t\t\t\t\t<\/div>\n\t\t<\/div>\n\t\t\t\t\t<\/div>\n\t\t<\/section>\n\t\t\t\t<section class=\"elementor-section elementor-top-section elementor-element elementor-element-4705ca4 elementor-section-content-middle elementor-section-boxed elementor-section-height-default elementor-section-height-default\" data-id=\"4705ca4\" data-element_type=\"section\" data-e-type=\"section\">\n\t\t\t\t\t\t<div class=\"elementor-container elementor-column-gap-wider\">\n\t\t\t\t\t<div class=\"elementor-column elementor-col-50 elementor-top-column elementor-element elementor-element-4594066 animated-slow elementor-invisible\" data-id=\"4594066\" data-element_type=\"column\" data-e-type=\"column\" data-settings=\"{&quot;animation&quot;:&quot;fadeInLeft&quot;}\">\n\t\t\t<div class=\"elementor-widget-wrap elementor-element-populated\">\n\t\t\t\t\t\t<div class=\"elementor-element elementor-element-0b54881 elementor-widget elementor-widget-image\" data-id=\"0b54881\" data-element_type=\"widget\" data-e-type=\"widget\" data-widget_type=\"image.default\">\n\t\t\t\t<div class=\"elementor-widget-container\">\n\t\t\t\t\t\t\t\t\t\t\t\t\t\t\t<img decoding=\"async\" width=\"1024\" height=\"920\" src=\"https:\/\/preventiasrl.com\/web\/wp-content\/uploads\/2023\/06\/medico-laboral1-1024x920.jpg\" class=\"attachment-large size-large wp-image-4155\" alt=\"\" srcset=\"https:\/\/preventiasrl.com\/web\/wp-content\/uploads\/2023\/06\/medico-laboral1-1024x920.jpg 1024w, https:\/\/preventiasrl.com\/web\/wp-content\/uploads\/2023\/06\/medico-laboral1-300x270.jpg 300w, https:\/\/preventiasrl.com\/web\/wp-content\/uploads\/2023\/06\/medico-laboral1-768x690.jpg 768w, https:\/\/preventiasrl.com\/web\/wp-content\/uploads\/2023\/06\/medico-laboral1.jpg 1083w\" sizes=\"(max-width: 1024px) 100vw, 1024px\" \/>\t\t\t\t\t\t\t\t\t\t\t\t\t\t\t<\/div>\n\t\t\t\t<\/div>\n\t\t\t\t\t<\/div>\n\t\t<\/div>\n\t\t\t\t<div class=\"elementor-column elementor-col-50 elementor-top-column elementor-element elementor-element-0067d12 elementor-invisible\" data-id=\"0067d12\" data-element_type=\"column\" data-e-type=\"column\" data-settings=\"{&quot;animation&quot;:&quot;fadeInRight&quot;}\">\n\t\t\t<div class=\"elementor-widget-wrap elementor-element-populated\">\n\t\t\t\t\t\t<div class=\"elementor-element elementor-element-d755148 elementor-widget elementor-widget-text-editor\" data-id=\"d755148\" data-element_type=\"widget\" data-e-type=\"widget\" data-settings=\"{&quot;_animation&quot;:&quot;none&quot;}\" data-widget_type=\"text-editor.default\">\n\t\t\t\t<div class=\"elementor-widget-container\">\n\t\t\t\t\t\t\t\t\t<h4 style=\"color:#f15a24; line-height:1.5;\">\n  Contamos con un equipo de profesionales j\u00f3venes, din\u00e1micos y con\n  <strong>experiencia en salud ocupacional<\/strong>.\n<\/h4>\t\t\t\t\t\t\t\t<\/div>\n\t\t\t\t<\/div>\n\t\t\t\t\t<\/div>\n\t\t<\/div>\n\t\t\t\t\t<\/div>\n\t\t<\/section>\n\t\t\t\t<\/div>\n\t\t","protected":false},"excerpt":{"rendered":"<p>Ex\u00e1menes de ingreso Evaluamos. Seleccionamos. Protegemos. Realizamos una valoraci\u00f3n m\u00e9dica completa para determinar la aptitud psicof\u00edsica. Garantizamos que cada incorporaci\u00f3n cumpla con los requisitos del puesto sin riesgos para su salud. El servicio de ex\u00e1menes de salud preocupacional se realiza en nuestra sede de calle Rioja 1267 Rosario de lunes a viernes en el horario [&hellip;]<\/p>\n","protected":false},"author":96739694,"featured_media":0,"parent":2875,"menu_order":0,"comment_status":"closed","ping_status":"closed","template":"","meta":{"inline_featured_image":false,"site-sidebar-layout":"default","site-content-layout":"","ast-site-content-layout":"default","site-content-style":"default","site-sidebar-style":"default","ast-global-header-display":"","ast-banner-title-visibility":"","ast-main-header-display":"","ast-hfb-above-header-display":"","ast-hfb-below-header-display":"","ast-hfb-mobile-header-display":"","site-post-title":"","ast-breadcrumbs-content":"","ast-featured-img":"","footer-sml-layout":"","ast-disable-related-posts":"","theme-transparent-header-meta":"","adv-header-id-meta":"","stick-header-meta":"","header-above-stick-meta":"","header-main-stick-meta":"","header-below-stick-meta":"","astra-migrate-meta-layouts":"default","ast-page-background-enabled":"default","ast-page-background-meta":{"desktop":{"background-color":"var(--ast-global-color-4)","background-image":"","background-repeat":"repeat","background-position":"center center","background-size":"auto","background-attachment":"scroll","background-type":"","background-media":"","overlay-type":"","overlay-color":"","overlay-opacity":"","overlay-gradient":""},"tablet":{"background-color":"","background-image":"","background-repeat":"repeat","background-position":"center center","background-size":"auto","background-attachment":"scroll","background-type":"","background-media":"","overlay-type":"","overlay-color":"","overlay-opacity":"","overlay-gradient":""},"mobile":{"background-color":"","background-image":"","background-repeat":"repeat","background-position":"center center","background-size":"auto","background-attachment":"scroll","background-type":"","background-media":"","overlay-type":"","overlay-color":"","overlay-opacity":"","overlay-gradient":""}},"ast-content-background-meta":{"desktop":{"background-color":"var(--ast-global-color-5)","background-image":"","background-repeat":"repeat","background-position":"center center","background-size":"auto","background-attachment":"scroll","background-type":"","background-media":"","overlay-type":"","overlay-color":"","overlay-opacity":"","overlay-gradient":""},"tablet":{"background-color":"var(--ast-global-color-5)","background-image":"","background-repeat":"repeat","background-position":"center center","background-size":"auto","background-attachment":"scroll","background-type":"","background-media":"","overlay-type":"","overlay-color":"","overlay-opacity":"","overlay-gradient":""},"mobile":{"background-color":"var(--ast-global-color-5)","background-image":"","background-repeat":"repeat","background-position":"center center","background-size":"auto","background-attachment":"scroll","background-type":"","background-media":"","overlay-type":"","overlay-color":"","overlay-opacity":"","overlay-gradient":""}},"footnotes":""},"class_list":["post-8943","page","type-page","status-publish","hentry"],"_links":{"self":[{"href":"https:\/\/preventiasrl.com\/web\/wp-json\/wp\/v2\/pages\/8943","targetHints":{"allow":["GET"]}}],"collection":[{"href":"https:\/\/preventiasrl.com\/web\/wp-json\/wp\/v2\/pages"}],"about":[{"href":"https:\/\/preventiasrl.com\/web\/wp-json\/wp\/v2\/types\/page"}],"author":[{"embeddable":true,"href":"https:\/\/preventiasrl.com\/web\/wp-json\/wp\/v2\/users\/96739694"}],"replies":[{"embeddable":true,"href":"https:\/\/preventiasrl.com\/web\/wp-json\/wp\/v2\/comments?post=8943"}],"version-history":[{"count":31,"href":"https:\/\/preventiasrl.com\/web\/wp-json\/wp\/v2\/pages\/8943\/revisions"}],"predecessor-version":[{"id":9264,"href":"https:\/\/preventiasrl.com\/web\/wp-json\/wp\/v2\/pages\/8943\/revisions\/9264"}],"up":[{"embeddable":true,"href":"https:\/\/preventiasrl.com\/web\/wp-json\/wp\/v2\/pages\/2875"}],"wp:attachment":[{"href":"https:\/\/preventiasrl.com\/web\/wp-json\/wp\/v2\/media?parent=8943"}],"curies":[{"name":"wp","href":"https:\/\/api.w.org\/{rel}","templated":true}]}}